{"id":732,"date":"2025-03-04T18:34:38","date_gmt":"2025-03-04T18:34:38","guid":{"rendered":"https:\/\/www.alhalakatekstil.com\/index.php\/urun\/academie-regenerating-treatment-foundation-regenerierende-foundation\/"},"modified":"2025-03-04T19:23:58","modified_gmt":"2025-03-04T19:23:58","slug":"academie-regenerating-treatment-foundation-regenerierende-foundation","status":"publish","type":"product","link":"https:\/\/www.alhalakatekstil.com\/index.php\/urun\/academie-regenerating-treatment-foundation-regenerierende-foundation\/","title":{"rendered":"Academie Regenerating Treatment Foundation Regenerierende Foundation"},"content":{"rendered":"<p>Die feuchtigkeitsspendende Foundation von Academie Scientifique de Beaute ist ein innovatives Kosmetikprodukt der renommierten franz\u00f6sischen Marke. Diese Foundation kaschiert m\u00fchelos alle Unvollkommenheiten, einschlie\u00dflich dunkler Augenringe, Irritationen, Schwellungen, geplatzter Kapillaren, Narben und vielem mehr. Mit diesem Produkt k\u00f6nnen Sie Anzeichen von Hautalterung und durch Umwelteinfl\u00fcsse&#8230;<\/p>\n","protected":false},"excerpt":{"rendered":"<p>Die feuchtigkeitsspendende Foundation von Academie Scientifique de Beaute ist ein innovatives Kosmetikprodukt der renommierten franz\u00f6sischen Marke. Diese Foundation kaschiert m\u00fchelos alle Unvollkommenheiten, einschlie\u00dflich dunkler Augenringe, Irritationen, Schwellungen, geplatzter Kapillaren, Narben und vielem mehr. Mit diesem Produkt k\u00f6nnen Sie Anzeichen von Hautalterung und durch Umwelteinfl\u00fcsse&#8230;<\/p>\n","protected":false},"featured_media":729,"template":"","meta":[],"product_brand":[],"product_cat":[60,61],"product_tag":[],"class_list":{"0":"post-732","1":"product","2":"type-product","3":"status-publish","4":"has-post-thumbnail","6":"product_cat-genel","7":"product_cat-makyaj-urunleri","9":"first","10":"instock","11":"shipping-taxable","12":"product-type-external"},"_links":{"self":[{"href":"https:\/\/www.alhalakatekstil.com\/index.php\/wp-json\/wp\/v2\/product\/732","targetHints":{"allow":["GET"]}}],"collection":[{"href":"https:\/\/www.alhalakatekstil.com\/index.php\/wp-json\/wp\/v2\/product"}],"about":[{"href":"https:\/\/www.alhalakatekstil.com\/index.php\/wp-json\/wp\/v2\/types\/product"}],"wp:featuredmedia":[{"embeddable":true,"href":"https:\/\/www.alhalakatekstil.com\/index.php\/wp-json\/wp\/v2\/media\/729"}],"wp:attachment":[{"href":"https:\/\/www.alhalakatekstil.com\/index.php\/wp-json\/wp\/v2\/media?parent=732"}],"wp:term":[{"taxonomy":"product_brand","embeddable":true,"href":"https:\/\/www.alhalakatekstil.com\/index.php\/wp-json\/wp\/v2\/product_brand?post=732"},{"taxonomy":"product_cat","embeddable":true,"href":"https:\/\/www.alhalakatekstil.com\/index.php\/wp-json\/wp\/v2\/product_cat?post=732"},{"taxonomy":"product_tag","embeddable":true,"href":"https:\/\/www.alhalakatekstil.com\/index.php\/wp-json\/wp\/v2\/product_tag?post=732"}],"curies":[{"name":"wp","href":"https:\/\/api.w.org\/{rel}","templated":true}]}}