{"id":726,"date":"2025-03-04T18:34:34","date_gmt":"2025-03-04T18:34:34","guid":{"rendered":"https:\/\/www.alhalakatekstil.com\/index.php\/urun\/refectocil-augenbrauen-und-wimpernfarbe-augenbrauen-und-wimpernfarbe-ohne-entwicklerlotion\/"},"modified":"2025-03-04T19:24:24","modified_gmt":"2025-03-04T19:24:24","slug":"refectocil-augenbrauen-und-wimpernfarbe-augenbrauen-und-wimpernfarbe-ohne-entwicklerlotion","status":"publish","type":"product","link":"https:\/\/www.alhalakatekstil.com\/index.php\/urun\/refectocil-augenbrauen-und-wimpernfarbe-augenbrauen-und-wimpernfarbe-ohne-entwicklerlotion\/","title":{"rendered":"RefectoCil Augenbrauen- und Wimpernfarbe Augenbrauen- und Wimpernfarbe (ohne Entwicklerlotion)"},"content":{"rendered":"<p>Jetzt k\u00f6nnen Sie den Sommer, die Sonne, chemische Behandlungen und andere Faktoren genie\u00dfen, ohne sich um die Auswirkungen auf die Farbe Ihrer Wimpern und Augenbrauen sorgen zu m\u00fcssen. Mit der Farbe von RefectoCil wird das Problem der Wimpernverf\u00e4rbung schnell und effektiv gel\u00f6st. In nur 5-10 Minuten k\u00f6nnen Sie den gew\u00fcnschten Farbton f\u00fcr Ihre Brauen und Wimpern erzielen. Je l\u00e4nger Sie die Farbe&#8230;<\/p>\n","protected":false},"excerpt":{"rendered":"<p>Jetzt k\u00f6nnen Sie den Sommer, die Sonne, chemische Behandlungen und andere Faktoren genie\u00dfen, ohne sich um die Auswirkungen auf die Farbe Ihrer Wimpern und Augenbrauen sorgen zu m\u00fcssen. Mit der Farbe von RefectoCil wird das Problem der Wimpernverf\u00e4rbung schnell und effektiv gel\u00f6st. In nur 5-10 Minuten k\u00f6nnen Sie den gew\u00fcnschten Farbton f\u00fcr Ihre Brauen und [&hellip;]<\/p>\n","protected":false},"featured_media":722,"template":"","meta":[],"product_brand":[],"product_cat":[60,61],"product_tag":[],"class_list":{"0":"post-726","1":"product","2":"type-product","3":"status-publish","4":"has-post-thumbnail","6":"product_cat-genel","7":"product_cat-makyaj-urunleri","9":"first","10":"instock","11":"shipping-taxable","12":"product-type-external"},"_links":{"self":[{"href":"https:\/\/www.alhalakatekstil.com\/index.php\/wp-json\/wp\/v2\/product\/726","targetHints":{"allow":["GET"]}}],"collection":[{"href":"https:\/\/www.alhalakatekstil.com\/index.php\/wp-json\/wp\/v2\/product"}],"about":[{"href":"https:\/\/www.alhalakatekstil.com\/index.php\/wp-json\/wp\/v2\/types\/product"}],"wp:featuredmedia":[{"embeddable":true,"href":"https:\/\/www.alhalakatekstil.com\/index.php\/wp-json\/wp\/v2\/media\/722"}],"wp:attachment":[{"href":"https:\/\/www.alhalakatekstil.com\/index.php\/wp-json\/wp\/v2\/media?parent=726"}],"wp:term":[{"taxonomy":"product_brand","embeddable":true,"href":"https:\/\/www.alhalakatekstil.com\/index.php\/wp-json\/wp\/v2\/product_brand?post=726"},{"taxonomy":"product_cat","embeddable":true,"href":"https:\/\/www.alhalakatekstil.com\/index.php\/wp-json\/wp\/v2\/product_cat?post=726"},{"taxonomy":"product_tag","embeddable":true,"href":"https:\/\/www.alhalakatekstil.com\/index.php\/wp-json\/wp\/v2\/product_tag?post=726"}],"curies":[{"name":"wp","href":"https:\/\/api.w.org\/{rel}","templated":true}]}}