{"id":1819,"date":"2025-03-04T20:27:58","date_gmt":"2025-03-04T20:27:58","guid":{"rendered":"https:\/\/www.alhalakatekstil.com\/index.php\/urun\/jimmy-choo-i-want-choo-eau-de-parfum\/"},"modified":"2025-03-04T20:48:47","modified_gmt":"2025-03-04T20:48:47","slug":"jimmy-choo-i-want-choo-eau-de-parfum","status":"publish","type":"product","link":"https:\/\/www.alhalakatekstil.com\/index.php\/urun\/jimmy-choo-i-want-choo-eau-de-parfum\/","title":{"rendered":"Jimmy Choo I Want Choo Eau de Parfum"},"content":{"rendered":"<p>Das Eau de Parfum Jimmy Choo I Want Choo ist eine echte Entdeckung f\u00fcr alle Liebhaber von orientalischen Blumend\u00fcften. Die reizvolle Elite-Parf\u00fcmkomposition ist perfekt f\u00fcr jene M\u00e4dchen, deren Charakter Verletzlichkeit und Emotionalit\u00e4t, Weiblichkeit und Eleganz, Z\u00e4rtlichkeit und Provokation harmonisch verbindet.<br \/>\n Zur ersten Note der Duftpyramide gesellen sich Vitalit\u00e4t und Zartheit, die von den&#8230;<\/p>\n","protected":false},"excerpt":{"rendered":"<p>Das Eau de Parfum Jimmy Choo I Want Choo ist eine echte Entdeckung f\u00fcr alle Liebhaber von orientalischen Blumend\u00fcften. Die reizvolle Elite-Parf\u00fcmkomposition ist perfekt f\u00fcr jene M\u00e4dchen, deren Charakter Verletzlichkeit und Emotionalit\u00e4t, Weiblichkeit und Eleganz, Z\u00e4rtlichkeit und Provokation harmonisch verbindet. Zur ersten Note der Duftpyramide gesellen sich Vitalit\u00e4t und Zartheit, die von den&#8230;<\/p>\n","protected":false},"featured_media":1817,"template":"","meta":[],"product_brand":[],"product_cat":[60,62],"product_tag":[],"class_list":{"0":"post-1819","1":"product","2":"type-product","3":"status-publish","4":"has-post-thumbnail","6":"product_cat-genel","7":"product_cat-parfumler","9":"first","10":"instock","11":"shipping-taxable","12":"product-type-external"},"_links":{"self":[{"href":"https:\/\/www.alhalakatekstil.com\/index.php\/wp-json\/wp\/v2\/product\/1819","targetHints":{"allow":["GET"]}}],"collection":[{"href":"https:\/\/www.alhalakatekstil.com\/index.php\/wp-json\/wp\/v2\/product"}],"about":[{"href":"https:\/\/www.alhalakatekstil.com\/index.php\/wp-json\/wp\/v2\/types\/product"}],"wp:featuredmedia":[{"embeddable":true,"href":"https:\/\/www.alhalakatekstil.com\/index.php\/wp-json\/wp\/v2\/media\/1817"}],"wp:attachment":[{"href":"https:\/\/www.alhalakatekstil.com\/index.php\/wp-json\/wp\/v2\/media?parent=1819"}],"wp:term":[{"taxonomy":"product_brand","embeddable":true,"href":"https:\/\/www.alhalakatekstil.com\/index.php\/wp-json\/wp\/v2\/product_brand?post=1819"},{"taxonomy":"product_cat","embeddable":true,"href":"https:\/\/www.alhalakatekstil.com\/index.php\/wp-json\/wp\/v2\/product_cat?post=1819"},{"taxonomy":"product_tag","embeddable":true,"href":"https:\/\/www.alhalakatekstil.com\/index.php\/wp-json\/wp\/v2\/product_tag?post=1819"}],"curies":[{"name":"wp","href":"https:\/\/api.w.org\/{rel}","templated":true}]}}