{"id":1815,"date":"2025-03-04T20:27:56","date_gmt":"2025-03-04T20:27:56","guid":{"rendered":"https:\/\/www.alhalakatekstil.com\/index.php\/urun\/lattafa-perfumes-badee-al-oud-eau-de-parfum\/"},"modified":"2025-03-04T20:48:47","modified_gmt":"2025-03-04T20:48:47","slug":"lattafa-perfumes-badee-al-oud-eau-de-parfum","status":"publish","type":"product","link":"https:\/\/www.alhalakatekstil.com\/index.php\/urun\/lattafa-perfumes-badee-al-oud-eau-de-parfum\/","title":{"rendered":"Lattafa Perfumes Bade&#8217;e Al Oud Eau de Parfum"},"content":{"rendered":"<p>Bade&#8217;e Al Oud von Lattafa Perfumes verk\u00f6rpert in jedem Tropfen dieses Duftes den wahren Luxus des Orients. Es handelt sich hierbei nicht einfach um ein Eau de Parfum; es ist die Kunst der Resonanz, die Tiefe und Mysterium des Ostens zum Ausdruck bringt. Dieser bemerkenswerte Duft ist f\u00fcr jene konzipiert, die faszinierende, r\u00e4tselhafte Kompositionen sch\u00e4tzen, bei denen jede Note ein neues Kapitel&#8230;<\/p>\n","protected":false},"excerpt":{"rendered":"<p>Bade&#8217;e Al Oud von Lattafa Perfumes verk\u00f6rpert in jedem Tropfen dieses Duftes den wahren Luxus des Orients. Es handelt sich hierbei nicht einfach um ein Eau de Parfum; es ist die Kunst der Resonanz, die Tiefe und Mysterium des Ostens zum Ausdruck bringt. Dieser bemerkenswerte Duft ist f\u00fcr jene konzipiert, die faszinierende, r\u00e4tselhafte Kompositionen sch\u00e4tzen, [&hellip;]<\/p>\n","protected":false},"featured_media":1814,"template":"","meta":[],"product_brand":[],"product_cat":[60,62],"product_tag":[],"class_list":{"0":"post-1815","1":"product","2":"type-product","3":"status-publish","4":"has-post-thumbnail","6":"product_cat-genel","7":"product_cat-parfumler","9":"first","10":"instock","11":"shipping-taxable","12":"product-type-external"},"_links":{"self":[{"href":"https:\/\/www.alhalakatekstil.com\/index.php\/wp-json\/wp\/v2\/product\/1815","targetHints":{"allow":["GET"]}}],"collection":[{"href":"https:\/\/www.alhalakatekstil.com\/index.php\/wp-json\/wp\/v2\/product"}],"about":[{"href":"https:\/\/www.alhalakatekstil.com\/index.php\/wp-json\/wp\/v2\/types\/product"}],"wp:featuredmedia":[{"embeddable":true,"href":"https:\/\/www.alhalakatekstil.com\/index.php\/wp-json\/wp\/v2\/media\/1814"}],"wp:attachment":[{"href":"https:\/\/www.alhalakatekstil.com\/index.php\/wp-json\/wp\/v2\/media?parent=1815"}],"wp:term":[{"taxonomy":"product_brand","embeddable":true,"href":"https:\/\/www.alhalakatekstil.com\/index.php\/wp-json\/wp\/v2\/product_brand?post=1815"},{"taxonomy":"product_cat","embeddable":true,"href":"https:\/\/www.alhalakatekstil.com\/index.php\/wp-json\/wp\/v2\/product_cat?post=1815"},{"taxonomy":"product_tag","embeddable":true,"href":"https:\/\/www.alhalakatekstil.com\/index.php\/wp-json\/wp\/v2\/product_tag?post=1815"}],"curies":[{"name":"wp","href":"https:\/\/api.w.org\/{rel}","templated":true}]}}