{"id":1810,"date":"2025-03-04T20:27:53","date_gmt":"2025-03-04T20:27:53","guid":{"rendered":"https:\/\/www.alhalakatekstil.com\/index.php\/urun\/lattafa-perfumes-confidential-private-gold-eau-de-parfum\/"},"modified":"2025-03-04T20:54:15","modified_gmt":"2025-03-04T20:54:15","slug":"lattafa-perfumes-confidential-private-gold-eau-de-parfum","status":"publish","type":"product","link":"https:\/\/www.alhalakatekstil.com\/index.php\/urun\/lattafa-perfumes-confidential-private-gold-eau-de-parfum\/","title":{"rendered":"Lattafa Perfumes Confidential Private Gold Eau de Parfum"},"content":{"rendered":"<p>Das Chypre-Fruchtige Confidential Private Gold Eau de Parfum von Lattafa Perfumes verk\u00f6rpert Grandiosit\u00e4t und den Gipfel von Luxus und Sinnlichkeit, und erobert die Herzen von Frauen und M\u00e4nnern gleicherma\u00dfen. Vom ersten Moment an verbl\u00fcfft der Duft mit seiner Intensit\u00e4t und Brillanz, wie eine Explosion aus Gold, die verf\u00fchrt und fasziniert. Die goldene Flasche unterstreicht diesen Reichtum und&#8230;<\/p>\n","protected":false},"excerpt":{"rendered":"<p>Das Chypre-Fruchtige Confidential Private Gold Eau de Parfum von Lattafa Perfumes verk\u00f6rpert Grandiosit\u00e4t und den Gipfel von Luxus und Sinnlichkeit, und erobert die Herzen von Frauen und M\u00e4nnern gleicherma\u00dfen. Vom ersten Moment an verbl\u00fcfft der Duft mit seiner Intensit\u00e4t und Brillanz, wie eine Explosion aus Gold, die verf\u00fchrt und fasziniert. Die goldene Flasche unterstreicht diesen [&hellip;]<\/p>\n","protected":false},"featured_media":1807,"template":"","meta":[],"product_brand":[],"product_cat":[60,62],"product_tag":[],"class_list":{"0":"post-1810","1":"product","2":"type-product","3":"status-publish","4":"has-post-thumbnail","6":"product_cat-genel","7":"product_cat-parfumler","9":"first","10":"instock","11":"shipping-taxable","12":"product-type-external"},"_links":{"self":[{"href":"https:\/\/www.alhalakatekstil.com\/index.php\/wp-json\/wp\/v2\/product\/1810","targetHints":{"allow":["GET"]}}],"collection":[{"href":"https:\/\/www.alhalakatekstil.com\/index.php\/wp-json\/wp\/v2\/product"}],"about":[{"href":"https:\/\/www.alhalakatekstil.com\/index.php\/wp-json\/wp\/v2\/types\/product"}],"wp:featuredmedia":[{"embeddable":true,"href":"https:\/\/www.alhalakatekstil.com\/index.php\/wp-json\/wp\/v2\/media\/1807"}],"wp:attachment":[{"href":"https:\/\/www.alhalakatekstil.com\/index.php\/wp-json\/wp\/v2\/media?parent=1810"}],"wp:term":[{"taxonomy":"product_brand","embeddable":true,"href":"https:\/\/www.alhalakatekstil.com\/index.php\/wp-json\/wp\/v2\/product_brand?post=1810"},{"taxonomy":"product_cat","embeddable":true,"href":"https:\/\/www.alhalakatekstil.com\/index.php\/wp-json\/wp\/v2\/product_cat?post=1810"},{"taxonomy":"product_tag","embeddable":true,"href":"https:\/\/www.alhalakatekstil.com\/index.php\/wp-json\/wp\/v2\/product_tag?post=1810"}],"curies":[{"name":"wp","href":"https:\/\/api.w.org\/{rel}","templated":true}]}}