{"id":1809,"date":"2025-03-04T20:27:53","date_gmt":"2025-03-04T20:27:53","guid":{"rendered":"https:\/\/www.alhalakatekstil.com\/index.php\/urun\/davidoff-cool-water-eau-de-toilette\/"},"modified":"2025-03-04T20:55:59","modified_gmt":"2025-03-04T20:55:59","slug":"davidoff-cool-water-eau-de-toilette","status":"publish","type":"product","link":"https:\/\/www.alhalakatekstil.com\/index.php\/urun\/davidoff-cool-water-eau-de-toilette\/","title":{"rendered":"Davidoff Cool Water Eau de Toilette"},"content":{"rendered":"<p>Ein perfektes Zeugnis daf\u00fcr, dass Klassiker immer faszinierend, relevant und niemals aus der Mode kommen, ist das Herrenparf\u00fcm Davidoff Cool Water, das seit \u00fcber 20 Jahren gesch\u00e4tzt wird. Dennoch erfreut sich dieser Duft heute bei M\u00e4nnern aller Altersgruppen weiterhin gro\u00dfer Beliebtheit und unterst\u00fctzt hervorragend dabei, das Bild eines gesch\u00e4ftst\u00fcchtigen, ritterlichen und stilvollen Gentleman zu&#8230;<\/p>\n","protected":false},"excerpt":{"rendered":"<p>Ein perfektes Zeugnis daf\u00fcr, dass Klassiker immer faszinierend, relevant und niemals aus der Mode kommen, ist das Herrenparf\u00fcm Davidoff Cool Water, das seit \u00fcber 20 Jahren gesch\u00e4tzt wird. Dennoch erfreut sich dieser Duft heute bei M\u00e4nnern aller Altersgruppen weiterhin gro\u00dfer Beliebtheit und unterst\u00fctzt hervorragend dabei, das Bild eines gesch\u00e4ftst\u00fcchtigen, ritterlichen und stilvollen Gentleman zu&#8230;<\/p>\n","protected":false},"featured_media":1806,"template":"","meta":[],"product_brand":[],"product_cat":[60,62],"product_tag":[],"class_list":{"0":"post-1809","1":"product","2":"type-product","3":"status-publish","4":"has-post-thumbnail","6":"product_cat-genel","7":"product_cat-parfumler","9":"first","10":"instock","11":"shipping-taxable","12":"product-type-external"},"_links":{"self":[{"href":"https:\/\/www.alhalakatekstil.com\/index.php\/wp-json\/wp\/v2\/product\/1809","targetHints":{"allow":["GET"]}}],"collection":[{"href":"https:\/\/www.alhalakatekstil.com\/index.php\/wp-json\/wp\/v2\/product"}],"about":[{"href":"https:\/\/www.alhalakatekstil.com\/index.php\/wp-json\/wp\/v2\/types\/product"}],"wp:featuredmedia":[{"embeddable":true,"href":"https:\/\/www.alhalakatekstil.com\/index.php\/wp-json\/wp\/v2\/media\/1806"}],"wp:attachment":[{"href":"https:\/\/www.alhalakatekstil.com\/index.php\/wp-json\/wp\/v2\/media?parent=1809"}],"wp:term":[{"taxonomy":"product_brand","embeddable":true,"href":"https:\/\/www.alhalakatekstil.com\/index.php\/wp-json\/wp\/v2\/product_brand?post=1809"},{"taxonomy":"product_cat","embeddable":true,"href":"https:\/\/www.alhalakatekstil.com\/index.php\/wp-json\/wp\/v2\/product_cat?post=1809"},{"taxonomy":"product_tag","embeddable":true,"href":"https:\/\/www.alhalakatekstil.com\/index.php\/wp-json\/wp\/v2\/product_tag?post=1809"}],"curies":[{"name":"wp","href":"https:\/\/api.w.org\/{rel}","templated":true}]}}