{"id":1804,"date":"2025-03-04T20:27:49","date_gmt":"2025-03-04T20:27:49","guid":{"rendered":"https:\/\/www.alhalakatekstil.com\/index.php\/urun\/yves-saint-laurent-la-nuit-de-lhomme-eau-de-toilette\/"},"modified":"2025-03-04T20:37:53","modified_gmt":"2025-03-04T20:37:53","slug":"yves-saint-laurent-la-nuit-de-lhomme-eau-de-toilette","status":"publish","type":"product","link":"https:\/\/www.alhalakatekstil.com\/index.php\/urun\/yves-saint-laurent-la-nuit-de-lhomme-eau-de-toilette\/","title":{"rendered":"Yves Saint Laurent La Nuit de L&#8217;Homme Eau de Toilette"},"content":{"rendered":"<p>Das Elixier der offenen und leidenschaftlichen, sinnlichen und feurigen Liebe von Yves Saint Laurent hat seit 2009 die Herzen von Parf\u00fcmliebhabern erobert. La Nuit de L&#8217;Homme Eau de Toilette hat sich als vielseitiger Abendduft f\u00fcr M\u00e4nner etabliert, die selbstbewusst und k\u00fchn ihre Fantasien ausleben. Dieser holzig-w\u00fcrzige Duft erz\u00e4hlt eine uralte Geschichte von Leidenschaft und Liebe. Er verwebt&#8230;<\/p>\n","protected":false},"excerpt":{"rendered":"<p>Das Elixier der offenen und leidenschaftlichen, sinnlichen und feurigen Liebe von Yves Saint Laurent hat seit 2009 die Herzen von Parf\u00fcmliebhabern erobert. La Nuit de L&#8217;Homme Eau de Toilette hat sich als vielseitiger Abendduft f\u00fcr M\u00e4nner etabliert, die selbstbewusst und k\u00fchn ihre Fantasien ausleben. Dieser holzig-w\u00fcrzige Duft erz\u00e4hlt eine uralte Geschichte von Leidenschaft und Liebe. [&hellip;]<\/p>\n","protected":false},"featured_media":1801,"template":"","meta":[],"product_brand":[],"product_cat":[60,62],"product_tag":[],"class_list":{"0":"post-1804","1":"product","2":"type-product","3":"status-publish","4":"has-post-thumbnail","6":"product_cat-genel","7":"product_cat-parfumler","9":"first","10":"instock","11":"shipping-taxable","12":"product-type-external"},"_links":{"self":[{"href":"https:\/\/www.alhalakatekstil.com\/index.php\/wp-json\/wp\/v2\/product\/1804","targetHints":{"allow":["GET"]}}],"collection":[{"href":"https:\/\/www.alhalakatekstil.com\/index.php\/wp-json\/wp\/v2\/product"}],"about":[{"href":"https:\/\/www.alhalakatekstil.com\/index.php\/wp-json\/wp\/v2\/types\/product"}],"wp:featuredmedia":[{"embeddable":true,"href":"https:\/\/www.alhalakatekstil.com\/index.php\/wp-json\/wp\/v2\/media\/1801"}],"wp:attachment":[{"href":"https:\/\/www.alhalakatekstil.com\/index.php\/wp-json\/wp\/v2\/media?parent=1804"}],"wp:term":[{"taxonomy":"product_brand","embeddable":true,"href":"https:\/\/www.alhalakatekstil.com\/index.php\/wp-json\/wp\/v2\/product_brand?post=1804"},{"taxonomy":"product_cat","embeddable":true,"href":"https:\/\/www.alhalakatekstil.com\/index.php\/wp-json\/wp\/v2\/product_cat?post=1804"},{"taxonomy":"product_tag","embeddable":true,"href":"https:\/\/www.alhalakatekstil.com\/index.php\/wp-json\/wp\/v2\/product_tag?post=1804"}],"curies":[{"name":"wp","href":"https:\/\/api.w.org\/{rel}","templated":true}]}}