{"id":1798,"date":"2025-03-04T20:27:47","date_gmt":"2025-03-04T20:27:47","guid":{"rendered":"https:\/\/www.alhalakatekstil.com\/index.php\/urun\/rabanne-olympea-eau-de-parfum\/"},"modified":"2025-03-04T20:45:11","modified_gmt":"2025-03-04T20:45:11","slug":"rabanne-olympea-eau-de-parfum","status":"publish","type":"product","link":"https:\/\/www.alhalakatekstil.com\/index.php\/urun\/rabanne-olympea-eau-de-parfum\/","title":{"rendered":"Rabanne Olympea Eau de Parfum"},"content":{"rendered":"<p>Wenn Sie einen Duft f\u00fcr den au\u00dfergew\u00f6hnlichen Anlass suchen, dann sollten Sie Olympea von Rabanne w\u00e4hlen. Es ist ein Duft wie ein triumphaler Auftritt, er ist sowohl feminin und stark, sinnlich und bet\u00f6rend, frisch und verf\u00fchrerisch. Olympea \u00fcberzeugt durch seine orientalische, holzige Aura, zugleich strahlt der Duft eine heitere Lebensfreude aus. Olympea empf\u00e4ngt Sie frisch mit einer Kopfnote aus&#8230;<\/p>\n","protected":false},"excerpt":{"rendered":"<p>Wenn Sie einen Duft f\u00fcr den au\u00dfergew\u00f6hnlichen Anlass suchen, dann sollten Sie Olympea von Rabanne w\u00e4hlen. Es ist ein Duft wie ein triumphaler Auftritt, er ist sowohl feminin und stark, sinnlich und bet\u00f6rend, frisch und verf\u00fchrerisch. Olympea \u00fcberzeugt durch seine orientalische, holzige Aura, zugleich strahlt der Duft eine heitere Lebensfreude aus. Olympea empf\u00e4ngt Sie frisch [&hellip;]<\/p>\n","protected":false},"featured_media":1795,"template":"","meta":[],"product_brand":[],"product_cat":[60,62],"product_tag":[],"class_list":{"0":"post-1798","1":"product","2":"type-product","3":"status-publish","4":"has-post-thumbnail","6":"product_cat-genel","7":"product_cat-parfumler","9":"first","10":"instock","11":"shipping-taxable","12":"product-type-external"},"_links":{"self":[{"href":"https:\/\/www.alhalakatekstil.com\/index.php\/wp-json\/wp\/v2\/product\/1798","targetHints":{"allow":["GET"]}}],"collection":[{"href":"https:\/\/www.alhalakatekstil.com\/index.php\/wp-json\/wp\/v2\/product"}],"about":[{"href":"https:\/\/www.alhalakatekstil.com\/index.php\/wp-json\/wp\/v2\/types\/product"}],"wp:featuredmedia":[{"embeddable":true,"href":"https:\/\/www.alhalakatekstil.com\/index.php\/wp-json\/wp\/v2\/media\/1795"}],"wp:attachment":[{"href":"https:\/\/www.alhalakatekstil.com\/index.php\/wp-json\/wp\/v2\/media?parent=1798"}],"wp:term":[{"taxonomy":"product_brand","embeddable":true,"href":"https:\/\/www.alhalakatekstil.com\/index.php\/wp-json\/wp\/v2\/product_brand?post=1798"},{"taxonomy":"product_cat","embeddable":true,"href":"https:\/\/www.alhalakatekstil.com\/index.php\/wp-json\/wp\/v2\/product_cat?post=1798"},{"taxonomy":"product_tag","embeddable":true,"href":"https:\/\/www.alhalakatekstil.com\/index.php\/wp-json\/wp\/v2\/product_tag?post=1798"}],"curies":[{"name":"wp","href":"https:\/\/api.w.org\/{rel}","templated":true}]}}