{"id":1233,"date":"2025-03-04T18:47:42","date_gmt":"2025-03-04T18:47:42","guid":{"rendered":"https:\/\/www.alhalakatekstil.com\/index.php\/urun\/pastel-show-by-pastel-show-your-magic-lip-gloss-lipgloss\/"},"modified":"2025-03-04T19:06:42","modified_gmt":"2025-03-04T19:06:42","slug":"pastel-show-by-pastel-show-your-magic-lip-gloss-lipgloss","status":"publish","type":"product","link":"https:\/\/www.alhalakatekstil.com\/index.php\/urun\/pastel-show-by-pastel-show-your-magic-lip-gloss-lipgloss\/","title":{"rendered":"Pastel Show By Pastel Show Your Magic Lip Gloss Lipgloss"},"content":{"rendered":"<p>Show By Pastel Show Your Magic Lip Gloss von Pastel ist ein einzigartiger Lipgloss mit besonderer Farbe und Glanz. Er ist perfekt, um die Sch\u00f6nheit Ihrer Lippen zu betonen. Die Formel enth\u00e4lt Komponenten, die ihre Farbe je nach pH-Wert Ihrer Lippen \u00e4ndern. So erzielen Sie einen makellosen Rosa-Ton, der perfekt zu Ihnen passt. \u00dcber die Sch\u00f6nheit hinaus werden Ihre Lippen gepflegt, mit Feuchtigkeit&#8230;<\/p>\n","protected":false},"excerpt":{"rendered":"<p>Show By Pastel Show Your Magic Lip Gloss von Pastel ist ein einzigartiger Lipgloss mit besonderer Farbe und Glanz. Er ist perfekt, um die Sch\u00f6nheit Ihrer Lippen zu betonen. Die Formel enth\u00e4lt Komponenten, die ihre Farbe je nach pH-Wert Ihrer Lippen \u00e4ndern. So erzielen Sie einen makellosen Rosa-Ton, der perfekt zu Ihnen passt. \u00dcber die [&hellip;]<\/p>\n","protected":false},"featured_media":1232,"template":"","meta":[],"product_brand":[],"product_cat":[60,61],"product_tag":[],"class_list":{"0":"post-1233","1":"product","2":"type-product","3":"status-publish","4":"has-post-thumbnail","6":"product_cat-genel","7":"product_cat-makyaj-urunleri","9":"first","10":"instock","11":"shipping-taxable","12":"product-type-external"},"_links":{"self":[{"href":"https:\/\/www.alhalakatekstil.com\/index.php\/wp-json\/wp\/v2\/product\/1233","targetHints":{"allow":["GET"]}}],"collection":[{"href":"https:\/\/www.alhalakatekstil.com\/index.php\/wp-json\/wp\/v2\/product"}],"about":[{"href":"https:\/\/www.alhalakatekstil.com\/index.php\/wp-json\/wp\/v2\/types\/product"}],"wp:featuredmedia":[{"embeddable":true,"href":"https:\/\/www.alhalakatekstil.com\/index.php\/wp-json\/wp\/v2\/media\/1232"}],"wp:attachment":[{"href":"https:\/\/www.alhalakatekstil.com\/index.php\/wp-json\/wp\/v2\/media?parent=1233"}],"wp:term":[{"taxonomy":"product_brand","embeddable":true,"href":"https:\/\/www.alhalakatekstil.com\/index.php\/wp-json\/wp\/v2\/product_brand?post=1233"},{"taxonomy":"product_cat","embeddable":true,"href":"https:\/\/www.alhalakatekstil.com\/index.php\/wp-json\/wp\/v2\/product_cat?post=1233"},{"taxonomy":"product_tag","embeddable":true,"href":"https:\/\/www.alhalakatekstil.com\/index.php\/wp-json\/wp\/v2\/product_tag?post=1233"}],"curies":[{"name":"wp","href":"https:\/\/api.w.org\/{rel}","templated":true}]}}