{"id":1231,"date":"2025-03-04T18:47:40","date_gmt":"2025-03-04T18:47:40","guid":{"rendered":"https:\/\/www.alhalakatekstil.com\/index.php\/urun\/eveline-cosmetics-satin-matt-mattifying-foundation-foundation-mit-mattierendem-effekt\/"},"modified":"2025-03-04T19:06:50","modified_gmt":"2025-03-04T19:06:50","slug":"eveline-cosmetics-satin-matt-mattifying-foundation-foundation-mit-mattierendem-effekt","status":"publish","type":"product","link":"https:\/\/www.alhalakatekstil.com\/index.php\/urun\/eveline-cosmetics-satin-matt-mattifying-foundation-foundation-mit-mattierendem-effekt\/","title":{"rendered":"Eveline Cosmetics Satin Matt Mattifying Foundation Foundation mit mattierendem Effekt"},"content":{"rendered":"<p>Ihr perfekter Tag beginnt mit einem makellosen Teint, und das mattierende Make-up von Eveline Cosmetics sorgt genau daf\u00fcr. Warum sollten Sie sich f\u00fcr dieses Make-up entscheiden? Weil es nicht nur Unreinheiten und R\u00f6tungen kaschiert, sondern Ihrer Haut auch ein gleichm\u00e4\u00dfiges, mattes Finish verleiht, das den ganzen Tag \u00fcber unver\u00e4ndert bleibt. Seine Formel, angereichert mit mattierenden Pigmenten&#8230;<\/p>\n","protected":false},"excerpt":{"rendered":"<p>Ihr perfekter Tag beginnt mit einem makellosen Teint, und das mattierende Make-up von Eveline Cosmetics sorgt genau daf\u00fcr. Warum sollten Sie sich f\u00fcr dieses Make-up entscheiden? Weil es nicht nur Unreinheiten und R\u00f6tungen kaschiert, sondern Ihrer Haut auch ein gleichm\u00e4\u00dfiges, mattes Finish verleiht, das den ganzen Tag \u00fcber unver\u00e4ndert bleibt. Seine Formel, angereichert mit mattierenden [&hellip;]<\/p>\n","protected":false},"featured_media":1227,"template":"","meta":[],"product_brand":[],"product_cat":[60,61],"product_tag":[],"class_list":{"0":"post-1231","1":"product","2":"type-product","3":"status-publish","4":"has-post-thumbnail","6":"product_cat-genel","7":"product_cat-makyaj-urunleri","9":"first","10":"instock","11":"shipping-taxable","12":"product-type-external"},"_links":{"self":[{"href":"https:\/\/www.alhalakatekstil.com\/index.php\/wp-json\/wp\/v2\/product\/1231","targetHints":{"allow":["GET"]}}],"collection":[{"href":"https:\/\/www.alhalakatekstil.com\/index.php\/wp-json\/wp\/v2\/product"}],"about":[{"href":"https:\/\/www.alhalakatekstil.com\/index.php\/wp-json\/wp\/v2\/types\/product"}],"wp:featuredmedia":[{"embeddable":true,"href":"https:\/\/www.alhalakatekstil.com\/index.php\/wp-json\/wp\/v2\/media\/1227"}],"wp:attachment":[{"href":"https:\/\/www.alhalakatekstil.com\/index.php\/wp-json\/wp\/v2\/media?parent=1231"}],"wp:term":[{"taxonomy":"product_brand","embeddable":true,"href":"https:\/\/www.alhalakatekstil.com\/index.php\/wp-json\/wp\/v2\/product_brand?post=1231"},{"taxonomy":"product_cat","embeddable":true,"href":"https:\/\/www.alhalakatekstil.com\/index.php\/wp-json\/wp\/v2\/product_cat?post=1231"},{"taxonomy":"product_tag","embeddable":true,"href":"https:\/\/www.alhalakatekstil.com\/index.php\/wp-json\/wp\/v2\/product_tag?post=1231"}],"curies":[{"name":"wp","href":"https:\/\/api.w.org\/{rel}","templated":true}]}}