{"id":1230,"date":"2025-03-04T18:47:39","date_gmt":"2025-03-04T18:47:39","guid":{"rendered":"https:\/\/www.alhalakatekstil.com\/index.php\/urun\/topface-instyle-gel-eyeliner-gel-eyeliner\/"},"modified":"2025-03-04T19:07:17","modified_gmt":"2025-03-04T19:07:17","slug":"topface-instyle-gel-eyeliner-gel-eyeliner","status":"publish","type":"product","link":"https:\/\/www.alhalakatekstil.com\/index.php\/urun\/topface-instyle-gel-eyeliner-gel-eyeliner\/","title":{"rendered":"TopFace Instyle Gel Eyeliner Gel-Eyeliner"},"content":{"rendered":"<p>TopFace Instyle ist ein wasserfester Gel-Eyeliner. Die weiche und hochpigmentierte Formel l\u00e4sst sich leicht und pr\u00e4zise auf das Augenlid auftragen und beh\u00e4lt die Form der Lidstriche den ganzen Tag \u00fcber bei, unabh\u00e4ngig von den Unbilden des Wetters.<br \/>\n Die Formel ist so kozipiert, dass der Eyeliner nach dem Auftragen in Sekundenschnelle trocknet, ohne Abdr\u00fccke auf dem Oberlid zu hinterlassen.<br \/>\n Das&#8230;<\/p>\n","protected":false},"excerpt":{"rendered":"<p>TopFace Instyle ist ein wasserfester Gel-Eyeliner. Die weiche und hochpigmentierte Formel l\u00e4sst sich leicht und pr\u00e4zise auf das Augenlid auftragen und beh\u00e4lt die Form der Lidstriche den ganzen Tag \u00fcber bei, unabh\u00e4ngig von den Unbilden des Wetters. Die Formel ist so kozipiert, dass der Eyeliner nach dem Auftragen in Sekundenschnelle trocknet, ohne Abdr\u00fccke auf dem [&hellip;]<\/p>\n","protected":false},"featured_media":1226,"template":"","meta":[],"product_brand":[],"product_cat":[60,61],"product_tag":[],"class_list":{"0":"post-1230","1":"product","2":"type-product","3":"status-publish","4":"has-post-thumbnail","6":"product_cat-genel","7":"product_cat-makyaj-urunleri","9":"first","10":"instock","11":"shipping-taxable","12":"product-type-external"},"_links":{"self":[{"href":"https:\/\/www.alhalakatekstil.com\/index.php\/wp-json\/wp\/v2\/product\/1230","targetHints":{"allow":["GET"]}}],"collection":[{"href":"https:\/\/www.alhalakatekstil.com\/index.php\/wp-json\/wp\/v2\/product"}],"about":[{"href":"https:\/\/www.alhalakatekstil.com\/index.php\/wp-json\/wp\/v2\/types\/product"}],"wp:featuredmedia":[{"embeddable":true,"href":"https:\/\/www.alhalakatekstil.com\/index.php\/wp-json\/wp\/v2\/media\/1226"}],"wp:attachment":[{"href":"https:\/\/www.alhalakatekstil.com\/index.php\/wp-json\/wp\/v2\/media?parent=1230"}],"wp:term":[{"taxonomy":"product_brand","embeddable":true,"href":"https:\/\/www.alhalakatekstil.com\/index.php\/wp-json\/wp\/v2\/product_brand?post=1230"},{"taxonomy":"product_cat","embeddable":true,"href":"https:\/\/www.alhalakatekstil.com\/index.php\/wp-json\/wp\/v2\/product_cat?post=1230"},{"taxonomy":"product_tag","embeddable":true,"href":"https:\/\/www.alhalakatekstil.com\/index.php\/wp-json\/wp\/v2\/product_tag?post=1230"}],"curies":[{"name":"wp","href":"https:\/\/api.w.org\/{rel}","templated":true}]}}