{"id":1229,"date":"2025-03-04T18:47:39","date_gmt":"2025-03-04T18:47:39","guid":{"rendered":"https:\/\/www.alhalakatekstil.com\/index.php\/urun\/i-heart-revolution-eyeshadow-palette-violet-chocolate-lidschattenpalette\/"},"modified":"2025-03-04T19:07:09","modified_gmt":"2025-03-04T19:07:09","slug":"i-heart-revolution-eyeshadow-palette-violet-chocolate-lidschattenpalette","status":"publish","type":"product","link":"https:\/\/www.alhalakatekstil.com\/index.php\/urun\/i-heart-revolution-eyeshadow-palette-violet-chocolate-lidschattenpalette\/","title":{"rendered":"I Heart Revolution Eyeshadow Palette Violet Chocolate Lidschattenpalette"},"content":{"rendered":"<p>Ist es Ihr zweiter Vorname, au\u00dfergew\u00f6hnlich beeindruckend zu sein? Dann wird eine luxuri\u00f6se Lidschattenpalette von I Heart Revolution eine fantastische Erg\u00e4nzung f\u00fcr Ihre Sammlung sein und Ihnen dabei helfen, glamour\u00f6se Looks zu kreieren. Dieses kosmetische Juwel enth\u00fcllt eine Welt von 18 bezaubernden Farbt\u00f6nen, die wundersch\u00f6ne matte, satinierte und schimmernde Formeln mit ebenso hervorragender&#8230;<\/p>\n","protected":false},"excerpt":{"rendered":"<p>Ist es Ihr zweiter Vorname, au\u00dfergew\u00f6hnlich beeindruckend zu sein? Dann wird eine luxuri\u00f6se Lidschattenpalette von I Heart Revolution eine fantastische Erg\u00e4nzung f\u00fcr Ihre Sammlung sein und Ihnen dabei helfen, glamour\u00f6se Looks zu kreieren. Dieses kosmetische Juwel enth\u00fcllt eine Welt von 18 bezaubernden Farbt\u00f6nen, die wundersch\u00f6ne matte, satinierte und schimmernde Formeln mit ebenso hervorragender&#8230;<\/p>\n","protected":false},"featured_media":1228,"template":"","meta":[],"product_brand":[],"product_cat":[60,61],"product_tag":[],"class_list":{"0":"post-1229","1":"product","2":"type-product","3":"status-publish","4":"has-post-thumbnail","6":"product_cat-genel","7":"product_cat-makyaj-urunleri","9":"first","10":"instock","11":"shipping-taxable","12":"product-type-external"},"_links":{"self":[{"href":"https:\/\/www.alhalakatekstil.com\/index.php\/wp-json\/wp\/v2\/product\/1229","targetHints":{"allow":["GET"]}}],"collection":[{"href":"https:\/\/www.alhalakatekstil.com\/index.php\/wp-json\/wp\/v2\/product"}],"about":[{"href":"https:\/\/www.alhalakatekstil.com\/index.php\/wp-json\/wp\/v2\/types\/product"}],"wp:featuredmedia":[{"embeddable":true,"href":"https:\/\/www.alhalakatekstil.com\/index.php\/wp-json\/wp\/v2\/media\/1228"}],"wp:attachment":[{"href":"https:\/\/www.alhalakatekstil.com\/index.php\/wp-json\/wp\/v2\/media?parent=1229"}],"wp:term":[{"taxonomy":"product_brand","embeddable":true,"href":"https:\/\/www.alhalakatekstil.com\/index.php\/wp-json\/wp\/v2\/product_brand?post=1229"},{"taxonomy":"product_cat","embeddable":true,"href":"https:\/\/www.alhalakatekstil.com\/index.php\/wp-json\/wp\/v2\/product_cat?post=1229"},{"taxonomy":"product_tag","embeddable":true,"href":"https:\/\/www.alhalakatekstil.com\/index.php\/wp-json\/wp\/v2\/product_tag?post=1229"}],"curies":[{"name":"wp","href":"https:\/\/api.w.org\/{rel}","templated":true}]}}