{"id":1225,"date":"2025-03-04T18:47:37","date_gmt":"2025-03-04T18:47:37","guid":{"rendered":"https:\/\/www.alhalakatekstil.com\/index.php\/urun\/mac-matte-lipstick-matter-lippenstift\/"},"modified":"2025-03-04T19:07:39","modified_gmt":"2025-03-04T19:07:39","slug":"mac-matte-lipstick-matter-lippenstift","status":"publish","type":"product","link":"https:\/\/www.alhalakatekstil.com\/index.php\/urun\/mac-matte-lipstick-matter-lippenstift\/","title":{"rendered":"MAC Matte Lipstick Matter Lippenstift"},"content":{"rendered":"<p>Wenn Sie zu den gesch\u00e4ftst\u00fcchtigen und anspruchsvollen Sch\u00f6nheiten geh\u00f6ren, die nicht mit unn\u00f6tigem Glitzer und Hochglanz beeindrucken wollen, sondern mit Intelligenz und Stil, wird es Ihnen nicht schwer fallen, die richtigen Mittel zu finden, um Menschen aus Fachkreisen zu beeindrucken.<br \/>\n Der MAC Matte Lipstick ist eine hervorragende Erg\u00e4nzung zu einem makellosen B\u00fcrolook und einer strengen&#8230;<\/p>\n","protected":false},"excerpt":{"rendered":"<p>Wenn Sie zu den gesch\u00e4ftst\u00fcchtigen und anspruchsvollen Sch\u00f6nheiten geh\u00f6ren, die nicht mit unn\u00f6tigem Glitzer und Hochglanz beeindrucken wollen, sondern mit Intelligenz und Stil, wird es Ihnen nicht schwer fallen, die richtigen Mittel zu finden, um Menschen aus Fachkreisen zu beeindrucken. Der MAC Matte Lipstick ist eine hervorragende Erg\u00e4nzung zu einem makellosen B\u00fcrolook und einer strengen&#8230;<\/p>\n","protected":false},"featured_media":1223,"template":"","meta":[],"product_brand":[],"product_cat":[60,61],"product_tag":[],"class_list":{"0":"post-1225","1":"product","2":"type-product","3":"status-publish","4":"has-post-thumbnail","6":"product_cat-genel","7":"product_cat-makyaj-urunleri","9":"first","10":"instock","11":"shipping-taxable","12":"product-type-external"},"_links":{"self":[{"href":"https:\/\/www.alhalakatekstil.com\/index.php\/wp-json\/wp\/v2\/product\/1225","targetHints":{"allow":["GET"]}}],"collection":[{"href":"https:\/\/www.alhalakatekstil.com\/index.php\/wp-json\/wp\/v2\/product"}],"about":[{"href":"https:\/\/www.alhalakatekstil.com\/index.php\/wp-json\/wp\/v2\/types\/product"}],"wp:featuredmedia":[{"embeddable":true,"href":"https:\/\/www.alhalakatekstil.com\/index.php\/wp-json\/wp\/v2\/media\/1223"}],"wp:attachment":[{"href":"https:\/\/www.alhalakatekstil.com\/index.php\/wp-json\/wp\/v2\/media?parent=1225"}],"wp:term":[{"taxonomy":"product_brand","embeddable":true,"href":"https:\/\/www.alhalakatekstil.com\/index.php\/wp-json\/wp\/v2\/product_brand?post=1225"},{"taxonomy":"product_cat","embeddable":true,"href":"https:\/\/www.alhalakatekstil.com\/index.php\/wp-json\/wp\/v2\/product_cat?post=1225"},{"taxonomy":"product_tag","embeddable":true,"href":"https:\/\/www.alhalakatekstil.com\/index.php\/wp-json\/wp\/v2\/product_tag?post=1225"}],"curies":[{"name":"wp","href":"https:\/\/api.w.org\/{rel}","templated":true}]}}