{"id":1224,"date":"2025-03-04T18:47:37","date_gmt":"2025-03-04T18:47:37","guid":{"rendered":"https:\/\/www.alhalakatekstil.com\/index.php\/urun\/chanel-cc-cream-complete-correction-super-active-spf50-cc-creme-fur-das-gesicht-spf-50\/"},"modified":"2025-03-04T19:07:26","modified_gmt":"2025-03-04T19:07:26","slug":"chanel-cc-cream-complete-correction-super-active-spf50-cc-creme-fur-das-gesicht-spf-50","status":"publish","type":"product","link":"https:\/\/www.alhalakatekstil.com\/index.php\/urun\/chanel-cc-cream-complete-correction-super-active-spf50-cc-creme-fur-das-gesicht-spf-50\/","title":{"rendered":"Chanel CC Cream Complete Correction Super Active SPF50 CC Creme f\u00fcr das Gesicht SPF 50"},"content":{"rendered":"<p>Die angenehm leichte und get\u00f6nte Tagescreme CC Cream Complete Correction Super Active SPF50 aus dem Hause Chanel vereint zugleich 5 Eigenschaften. Sie hydratisiert, korrigiert, gleicht den Teint aus, sch\u00fctzt und intensiviert die Leuchtkraft der Haut. Die Haut wirkt nach der Anwendung ebenm\u00e4\u00dfiger und strahlender. Die Creme-Formel ist so leicht, dass ein luftiges Gef\u00fchl auf der Haut entsteht. Sechs&#8230;<\/p>\n","protected":false},"excerpt":{"rendered":"<p>Die angenehm leichte und get\u00f6nte Tagescreme CC Cream Complete Correction Super Active SPF50 aus dem Hause Chanel vereint zugleich 5 Eigenschaften. Sie hydratisiert, korrigiert, gleicht den Teint aus, sch\u00fctzt und intensiviert die Leuchtkraft der Haut. Die Haut wirkt nach der Anwendung ebenm\u00e4\u00dfiger und strahlender. Die Creme-Formel ist so leicht, dass ein luftiges Gef\u00fchl auf der [&hellip;]<\/p>\n","protected":false},"featured_media":1221,"template":"","meta":[],"product_brand":[],"product_cat":[60,61],"product_tag":[],"class_list":{"0":"post-1224","1":"product","2":"type-product","3":"status-publish","4":"has-post-thumbnail","6":"product_cat-genel","7":"product_cat-makyaj-urunleri","9":"first","10":"instock","11":"shipping-taxable","12":"product-type-external"},"_links":{"self":[{"href":"https:\/\/www.alhalakatekstil.com\/index.php\/wp-json\/wp\/v2\/product\/1224","targetHints":{"allow":["GET"]}}],"collection":[{"href":"https:\/\/www.alhalakatekstil.com\/index.php\/wp-json\/wp\/v2\/product"}],"about":[{"href":"https:\/\/www.alhalakatekstil.com\/index.php\/wp-json\/wp\/v2\/types\/product"}],"wp:featuredmedia":[{"embeddable":true,"href":"https:\/\/www.alhalakatekstil.com\/index.php\/wp-json\/wp\/v2\/media\/1221"}],"wp:attachment":[{"href":"https:\/\/www.alhalakatekstil.com\/index.php\/wp-json\/wp\/v2\/media?parent=1224"}],"wp:term":[{"taxonomy":"product_brand","embeddable":true,"href":"https:\/\/www.alhalakatekstil.com\/index.php\/wp-json\/wp\/v2\/product_brand?post=1224"},{"taxonomy":"product_cat","embeddable":true,"href":"https:\/\/www.alhalakatekstil.com\/index.php\/wp-json\/wp\/v2\/product_cat?post=1224"},{"taxonomy":"product_tag","embeddable":true,"href":"https:\/\/www.alhalakatekstil.com\/index.php\/wp-json\/wp\/v2\/product_tag?post=1224"}],"curies":[{"name":"wp","href":"https:\/\/api.w.org\/{rel}","templated":true}]}}