{"id":1219,"date":"2025-03-04T18:47:35","date_gmt":"2025-03-04T18:47:35","guid":{"rendered":"https:\/\/www.alhalakatekstil.com\/index.php\/urun\/lancome-bi-facil-zweiphasiger-make-up-entferner\/"},"modified":"2025-03-04T19:07:54","modified_gmt":"2025-03-04T19:07:54","slug":"lancome-bi-facil-zweiphasiger-make-up-entferner","status":"publish","type":"product","link":"https:\/\/www.alhalakatekstil.com\/index.php\/urun\/lancome-bi-facil-zweiphasiger-make-up-entferner\/","title":{"rendered":"Lancome Bi -Facil Zweiphasiger Make-up Entferner"},"content":{"rendered":"<p>Diese leistungsstarke Zwei-Phasen-Lotion wurde speziell f\u00fcr die sanfte Entfernung von Augen-Make-up entwickelt, einschlie\u00dflich wasserfestem Make-up. Dank ihrer hypoallergenen Formel ist sie ideal f\u00fcr Frauen mit empfindlichen Augen und Kontaktlinsentr\u00e4gerinnen. Die Zwei-Phasen-L\u00f6sung besteht aus einer hellblauen \u00d6lphase und einer hellblauen Wasserphase. Sie verstr\u00f6mt einen dezenten Blumenduft. Die&#8230;<\/p>\n","protected":false},"excerpt":{"rendered":"<p>Diese leistungsstarke Zwei-Phasen-Lotion wurde speziell f\u00fcr die sanfte Entfernung von Augen-Make-up entwickelt, einschlie\u00dflich wasserfestem Make-up. Dank ihrer hypoallergenen Formel ist sie ideal f\u00fcr Frauen mit empfindlichen Augen und Kontaktlinsentr\u00e4gerinnen. Die Zwei-Phasen-L\u00f6sung besteht aus einer hellblauen \u00d6lphase und einer hellblauen Wasserphase. Sie verstr\u00f6mt einen dezenten Blumenduft. Die&#8230;<\/p>\n","protected":false},"featured_media":1218,"template":"","meta":[],"product_brand":[],"product_cat":[60,61],"product_tag":[],"class_list":{"0":"post-1219","1":"product","2":"type-product","3":"status-publish","4":"has-post-thumbnail","6":"product_cat-genel","7":"product_cat-makyaj-urunleri","9":"first","10":"instock","11":"shipping-taxable","12":"product-type-external"},"_links":{"self":[{"href":"https:\/\/www.alhalakatekstil.com\/index.php\/wp-json\/wp\/v2\/product\/1219","targetHints":{"allow":["GET"]}}],"collection":[{"href":"https:\/\/www.alhalakatekstil.com\/index.php\/wp-json\/wp\/v2\/product"}],"about":[{"href":"https:\/\/www.alhalakatekstil.com\/index.php\/wp-json\/wp\/v2\/types\/product"}],"wp:featuredmedia":[{"embeddable":true,"href":"https:\/\/www.alhalakatekstil.com\/index.php\/wp-json\/wp\/v2\/media\/1218"}],"wp:attachment":[{"href":"https:\/\/www.alhalakatekstil.com\/index.php\/wp-json\/wp\/v2\/media?parent=1219"}],"wp:term":[{"taxonomy":"product_brand","embeddable":true,"href":"https:\/\/www.alhalakatekstil.com\/index.php\/wp-json\/wp\/v2\/product_brand?post=1219"},{"taxonomy":"product_cat","embeddable":true,"href":"https:\/\/www.alhalakatekstil.com\/index.php\/wp-json\/wp\/v2\/product_cat?post=1219"},{"taxonomy":"product_tag","embeddable":true,"href":"https:\/\/www.alhalakatekstil.com\/index.php\/wp-json\/wp\/v2\/product_tag?post=1219"}],"curies":[{"name":"wp","href":"https:\/\/api.w.org\/{rel}","templated":true}]}}