{"id":1211,"date":"2025-03-04T18:47:31","date_gmt":"2025-03-04T18:47:31","guid":{"rendered":"https:\/\/www.alhalakatekstil.com\/index.php\/urun\/vichy-purete-thermale-mineral-micellar-water-mizellen-reinigungsfluid-zum-abschminken-mit-vulkanischem-wasser-fur-empfindliche-haut\/"},"modified":"2025-03-04T19:08:32","modified_gmt":"2025-03-04T19:08:32","slug":"vichy-purete-thermale-mineral-micellar-water-mizellen-reinigungsfluid-zum-abschminken-mit-vulkanischem-wasser-fur-empfindliche-haut","status":"publish","type":"product","link":"https:\/\/www.alhalakatekstil.com\/index.php\/urun\/vichy-purete-thermale-mineral-micellar-water-mizellen-reinigungsfluid-zum-abschminken-mit-vulkanischem-wasser-fur-empfindliche-haut\/","title":{"rendered":"Vichy Purete Thermale Mineral Micellar Water Mizellen-Reinigungsfluid zum Abschminken mit vulkanischem Wasser f\u00fcr empfindliche Haut"},"content":{"rendered":"<p>Erleben Sie die hervorragende Reinigungskraft des Purete Thermale Mineral Micellar Waters von der Kosmetikmarke Vichy, das entwickelt wurde, um die Sch\u00f6nheit Ihrer Haut zu bewahren. Diese innovative Formel wurde speziell f\u00fcr empfindliche Haut hergestellt, mit einer sanften Zusammensetzung, die sich perfekt f\u00fcr die Reinigung der zarten Epidermis um die Augen eignet.. Das Produkt basiert auf&#8230;<\/p>\n","protected":false},"excerpt":{"rendered":"<p>Erleben Sie die hervorragende Reinigungskraft des Purete Thermale Mineral Micellar Waters von der Kosmetikmarke Vichy, das entwickelt wurde, um die Sch\u00f6nheit Ihrer Haut zu bewahren. Diese innovative Formel wurde speziell f\u00fcr empfindliche Haut hergestellt, mit einer sanften Zusammensetzung, die sich perfekt f\u00fcr die Reinigung der zarten Epidermis um die Augen eignet.. Das Produkt basiert auf&#8230;<\/p>\n","protected":false},"featured_media":1207,"template":"","meta":[],"product_brand":[],"product_cat":[60,61],"product_tag":[],"class_list":{"0":"post-1211","1":"product","2":"type-product","3":"status-publish","4":"has-post-thumbnail","6":"product_cat-genel","7":"product_cat-makyaj-urunleri","9":"first","10":"instock","11":"shipping-taxable","12":"product-type-external"},"_links":{"self":[{"href":"https:\/\/www.alhalakatekstil.com\/index.php\/wp-json\/wp\/v2\/product\/1211","targetHints":{"allow":["GET"]}}],"collection":[{"href":"https:\/\/www.alhalakatekstil.com\/index.php\/wp-json\/wp\/v2\/product"}],"about":[{"href":"https:\/\/www.alhalakatekstil.com\/index.php\/wp-json\/wp\/v2\/types\/product"}],"wp:featuredmedia":[{"embeddable":true,"href":"https:\/\/www.alhalakatekstil.com\/index.php\/wp-json\/wp\/v2\/media\/1207"}],"wp:attachment":[{"href":"https:\/\/www.alhalakatekstil.com\/index.php\/wp-json\/wp\/v2\/media?parent=1211"}],"wp:term":[{"taxonomy":"product_brand","embeddable":true,"href":"https:\/\/www.alhalakatekstil.com\/index.php\/wp-json\/wp\/v2\/product_brand?post=1211"},{"taxonomy":"product_cat","embeddable":true,"href":"https:\/\/www.alhalakatekstil.com\/index.php\/wp-json\/wp\/v2\/product_cat?post=1211"},{"taxonomy":"product_tag","embeddable":true,"href":"https:\/\/www.alhalakatekstil.com\/index.php\/wp-json\/wp\/v2\/product_tag?post=1211"}],"curies":[{"name":"wp","href":"https:\/\/api.w.org\/{rel}","templated":true}]}}