{"id":1132,"date":"2025-03-04T18:46:48","date_gmt":"2025-03-04T18:46:48","guid":{"rendered":"https:\/\/www.alhalakatekstil.com\/index.php\/urun\/lash-brow-good-morning-beautiful-mascara-10ml-wimpern-in-der-flasche-9g-augenbrauen-und-wimpernol-6ml-geschenkbox-aus-holz-wimpernpflegeset\/"},"modified":"2025-03-04T19:13:10","modified_gmt":"2025-03-04T19:13:10","slug":"lash-brow-good-morning-beautiful-mascara-10ml-wimpern-in-der-flasche-9g-augenbrauen-und-wimpernol-6ml-geschenkbox-aus-holz-wimpernpflegeset","status":"publish","type":"product","link":"https:\/\/www.alhalakatekstil.com\/index.php\/urun\/lash-brow-good-morning-beautiful-mascara-10ml-wimpern-in-der-flasche-9g-augenbrauen-und-wimpernol-6ml-geschenkbox-aus-holz-wimpernpflegeset\/","title":{"rendered":"Lash Brow Good Morning Beautiful (Mascara 10ml + Wimpern in der Flasche 9g + Augenbrauen- und Wimpern\u00f6l 6ml + Geschenkbox aus Holz) Wimpernpflegeset"},"content":{"rendered":"<p>Set-Inhalt : Volumen-Mascara \u2014 Lash Brow HD PRO Mascara, 10 ml + Augenbrauen- und Wimpern\u00f6l \u2014 Lash Brow Regene Oil, 6 ml + Wimpern-Volumen- und L\u00e4ngenverst\u00e4rker \u2014 Lash Brow Lash Extender Lashes in a Bottle, 9 g + Holz-Geschenkbox \u2014 Lash Brow, 1 Stk<br \/>\n Viele Frauen tr\u00e4umen von sch\u00f6nen, langen und geschwungenen Wimpern. Das Lash Brow Good Morning Beautiful Set macht diesen Traum zur wundersch\u00f6nen&#8230;<\/p>\n","protected":false},"excerpt":{"rendered":"<p>Set-Inhalt : Volumen-Mascara \u2014 Lash Brow HD PRO Mascara, 10 ml + Augenbrauen- und Wimpern\u00f6l \u2014 Lash Brow Regene Oil, 6 ml + Wimpern-Volumen- und L\u00e4ngenverst\u00e4rker \u2014 Lash Brow Lash Extender Lashes in a Bottle, 9 g + Holz-Geschenkbox \u2014 Lash Brow, 1 Stk Viele Frauen tr\u00e4umen von sch\u00f6nen, langen und geschwungenen Wimpern. Das Lash [&hellip;]<\/p>\n","protected":false},"featured_media":1128,"template":"","meta":[],"product_brand":[],"product_cat":[60,61],"product_tag":[],"class_list":{"0":"post-1132","1":"product","2":"type-product","3":"status-publish","4":"has-post-thumbnail","6":"product_cat-genel","7":"product_cat-makyaj-urunleri","9":"first","10":"instock","11":"shipping-taxable","12":"product-type-external"},"_links":{"self":[{"href":"https:\/\/www.alhalakatekstil.com\/index.php\/wp-json\/wp\/v2\/product\/1132","targetHints":{"allow":["GET"]}}],"collection":[{"href":"https:\/\/www.alhalakatekstil.com\/index.php\/wp-json\/wp\/v2\/product"}],"about":[{"href":"https:\/\/www.alhalakatekstil.com\/index.php\/wp-json\/wp\/v2\/types\/product"}],"wp:featuredmedia":[{"embeddable":true,"href":"https:\/\/www.alhalakatekstil.com\/index.php\/wp-json\/wp\/v2\/media\/1128"}],"wp:attachment":[{"href":"https:\/\/www.alhalakatekstil.com\/index.php\/wp-json\/wp\/v2\/media?parent=1132"}],"wp:term":[{"taxonomy":"product_brand","embeddable":true,"href":"https:\/\/www.alhalakatekstil.com\/index.php\/wp-json\/wp\/v2\/product_brand?post=1132"},{"taxonomy":"product_cat","embeddable":true,"href":"https:\/\/www.alhalakatekstil.com\/index.php\/wp-json\/wp\/v2\/product_cat?post=1132"},{"taxonomy":"product_tag","embeddable":true,"href":"https:\/\/www.alhalakatekstil.com\/index.php\/wp-json\/wp\/v2\/product_tag?post=1132"}],"curies":[{"name":"wp","href":"https:\/\/api.w.org\/{rel}","templated":true}]}}