{"id":1094,"date":"2025-03-04T18:46:23","date_gmt":"2025-03-04T18:46:23","guid":{"rendered":"https:\/\/www.alhalakatekstil.com\/index.php\/urun\/svr-sensifine-dermo-nettoyant-make-up-removing-cleanser-beruhigendes-reinigungsgel-zum-abschminken-fur-gesicht-augen-und-lippen\/"},"modified":"2025-03-04T19:15:09","modified_gmt":"2025-03-04T19:15:09","slug":"svr-sensifine-dermo-nettoyant-make-up-removing-cleanser-beruhigendes-reinigungsgel-zum-abschminken-fur-gesicht-augen-und-lippen","status":"publish","type":"product","link":"https:\/\/www.alhalakatekstil.com\/index.php\/urun\/svr-sensifine-dermo-nettoyant-make-up-removing-cleanser-beruhigendes-reinigungsgel-zum-abschminken-fur-gesicht-augen-und-lippen\/","title":{"rendered":"SVR Sensifine Dermo Nettoyant Make-up Removing Cleanser Beruhigendes Reinigungsgel zum Abschminken f\u00fcr Gesicht, Augen und Lippen"},"content":{"rendered":"<p>Die Sensifine-Therapie-Reihe von SVR wurde f\u00fcr die Pflege von trockener, gesch\u00e4digter und empfindlicher Haut entwickelt. Das Reinigungs-Creme-Gel erm\u00f6glicht eine sanfte und effektive Entfernung von Unreinheiten und Make-up von der Epidermis, w\u00e4hrend das pH-Gleichgewicht der Haut erhalten bleibt. Die Formel des Sensifine Dermo Nettoyant Make-up Entferners wurde entwickelt, um intensive&#8230;<\/p>\n","protected":false},"excerpt":{"rendered":"<p>Die Sensifine-Therapie-Reihe von SVR wurde f\u00fcr die Pflege von trockener, gesch\u00e4digter und empfindlicher Haut entwickelt. Das Reinigungs-Creme-Gel erm\u00f6glicht eine sanfte und effektive Entfernung von Unreinheiten und Make-up von der Epidermis, w\u00e4hrend das pH-Gleichgewicht der Haut erhalten bleibt. Die Formel des Sensifine Dermo Nettoyant Make-up Entferners wurde entwickelt, um intensive&#8230;<\/p>\n","protected":false},"featured_media":1092,"template":"","meta":[],"product_brand":[],"product_cat":[60,61],"product_tag":[],"class_list":{"0":"post-1094","1":"product","2":"type-product","3":"status-publish","4":"has-post-thumbnail","6":"product_cat-genel","7":"product_cat-makyaj-urunleri","9":"first","10":"instock","11":"shipping-taxable","12":"product-type-external"},"_links":{"self":[{"href":"https:\/\/www.alhalakatekstil.com\/index.php\/wp-json\/wp\/v2\/product\/1094","targetHints":{"allow":["GET"]}}],"collection":[{"href":"https:\/\/www.alhalakatekstil.com\/index.php\/wp-json\/wp\/v2\/product"}],"about":[{"href":"https:\/\/www.alhalakatekstil.com\/index.php\/wp-json\/wp\/v2\/types\/product"}],"wp:featuredmedia":[{"embeddable":true,"href":"https:\/\/www.alhalakatekstil.com\/index.php\/wp-json\/wp\/v2\/media\/1092"}],"wp:attachment":[{"href":"https:\/\/www.alhalakatekstil.com\/index.php\/wp-json\/wp\/v2\/media?parent=1094"}],"wp:term":[{"taxonomy":"product_brand","embeddable":true,"href":"https:\/\/www.alhalakatekstil.com\/index.php\/wp-json\/wp\/v2\/product_brand?post=1094"},{"taxonomy":"product_cat","embeddable":true,"href":"https:\/\/www.alhalakatekstil.com\/index.php\/wp-json\/wp\/v2\/product_cat?post=1094"},{"taxonomy":"product_tag","embeddable":true,"href":"https:\/\/www.alhalakatekstil.com\/index.php\/wp-json\/wp\/v2\/product_tag?post=1094"}],"curies":[{"name":"wp","href":"https:\/\/api.w.org\/{rel}","templated":true}]}}